{"id":1903,"date":"2024-03-08T18:45:07","date_gmt":"2024-03-08T17:45:07","guid":{"rendered":"https:\/\/webshop.tridiom.com\/?post_type=product&#038;p=1903"},"modified":"2024-05-06T15:35:18","modified_gmt":"2024-05-06T13:35:18","slug":"microfono-inalambrico-boya","status":"publish","type":"product","link":"https:\/\/webshop.tridiom.com\/pt-pt\/producto\/microfono-inalambrico-boya\/","title":{"rendered":"Micr\u00f3fono inal\u00e1mbrico BOYA"},"content":{"rendered":"<p>Micr\u00f3fono inal\u00e1mbrico BOYA<\/p>\n","protected":false},"excerpt":{"rendered":"<p>Micr\u00f3fono inal\u00e1mbrico BOYA<\/p>\n","protected":false},"featured_media":1926,"template":"","meta":[],"product_cat":[61,62,63,46,44],"product_tag":[],"class_list":{"0":"post-1903","1":"product","2":"type-product","3":"status-publish","4":"has-post-thumbnail","6":"product_cat-conferencia","7":"product_cat-conferencia-2","8":"product_cat-webcam","9":"product_cat-audio","10":"product_cat-obsbot","12":"first","13":"instock","14":"taxable","15":"shipping-taxable","16":"purchasable","17":"product-type-simple"},"_links":{"self":[{"href":"https:\/\/webshop.tridiom.com\/pt-pt\/wp-json\/wp\/v2\/product\/1903","targetHints":{"allow":["GET"]}}],"collection":[{"href":"https:\/\/webshop.tridiom.com\/pt-pt\/wp-json\/wp\/v2\/product"}],"about":[{"href":"https:\/\/webshop.tridiom.com\/pt-pt\/wp-json\/wp\/v2\/types\/product"}],"wp:featuredmedia":[{"embeddable":true,"href":"https:\/\/webshop.tridiom.com\/pt-pt\/wp-json\/wp\/v2\/media\/1926"}],"wp:attachment":[{"href":"https:\/\/webshop.tridiom.com\/pt-pt\/wp-json\/wp\/v2\/media?parent=1903"}],"wp:term":[{"taxonomy":"product_cat","embeddable":true,"href":"https:\/\/webshop.tridiom.com\/pt-pt\/wp-json\/wp\/v2\/product_cat?post=1903"},{"taxonomy":"product_tag","embeddable":true,"href":"https:\/\/webshop.tridiom.com\/pt-pt\/wp-json\/wp\/v2\/product_tag?post=1903"}],"curies":[{"name":"wp","href":"https:\/\/api.w.org\/{rel}","templated":true}]}}