{"id":1431,"date":"2024-03-06T11:48:32","date_gmt":"2024-03-06T10:48:32","guid":{"rendered":"https:\/\/webshop.tridiom.com\/?post_type=product&#038;p=1431"},"modified":"2024-05-06T15:55:40","modified_gmt":"2024-05-06T13:55:40","slug":"microfono-de-techo-rocware-rm80","status":"publish","type":"product","link":"https:\/\/webshop.tridiom.com\/pt-pt\/producto\/microfono-de-techo-rocware-rm80\/","title":{"rendered":"Micr\u00f3fono de techo ROCWARE RM80"},"content":{"rendered":"<p>Micr\u00f3fono de techo con seguimiento autom\u00e1tico para sistema de refuerzo de sonido<\/p>\n","protected":false},"excerpt":{"rendered":"<p>Micr\u00f3fono de techo con seguimiento autom\u00e1tico para sistema de refuerzo de sonido<\/p>\n","protected":false},"featured_media":1782,"template":"","meta":[],"product_cat":[61,63,46,45],"product_tag":[],"class_list":{"0":"post-1431","1":"product","2":"type-product","3":"status-publish","4":"has-post-thumbnail","6":"product_cat-conferencia","7":"product_cat-webcam","8":"product_cat-audio","9":"product_cat-rocware","11":"first","12":"instock","13":"taxable","14":"shipping-taxable","15":"purchasable","16":"product-type-simple"},"_links":{"self":[{"href":"https:\/\/webshop.tridiom.com\/pt-pt\/wp-json\/wp\/v2\/product\/1431","targetHints":{"allow":["GET"]}}],"collection":[{"href":"https:\/\/webshop.tridiom.com\/pt-pt\/wp-json\/wp\/v2\/product"}],"about":[{"href":"https:\/\/webshop.tridiom.com\/pt-pt\/wp-json\/wp\/v2\/types\/product"}],"wp:featuredmedia":[{"embeddable":true,"href":"https:\/\/webshop.tridiom.com\/pt-pt\/wp-json\/wp\/v2\/media\/1782"}],"wp:attachment":[{"href":"https:\/\/webshop.tridiom.com\/pt-pt\/wp-json\/wp\/v2\/media?parent=1431"}],"wp:term":[{"taxonomy":"product_cat","embeddable":true,"href":"https:\/\/webshop.tridiom.com\/pt-pt\/wp-json\/wp\/v2\/product_cat?post=1431"},{"taxonomy":"product_tag","embeddable":true,"href":"https:\/\/webshop.tridiom.com\/pt-pt\/wp-json\/wp\/v2\/product_tag?post=1431"}],"curies":[{"name":"wp","href":"https:\/\/api.w.org\/{rel}","templated":true}]}}