{"id":1425,"date":"2024-03-06T11:48:30","date_gmt":"2024-03-06T10:48:30","guid":{"rendered":"https:\/\/webshop.tridiom.com\/?post_type=product&#038;p=1425"},"modified":"2024-05-06T16:13:00","modified_gmt":"2024-05-06T14:13:00","slug":"camara-4k-educativa-seguimiento-rocware-rc031","status":"publish","type":"product","link":"https:\/\/webshop.tridiom.com\/pt-pt\/producto\/camara-4k-educativa-seguimiento-rocware-rc031\/","title":{"rendered":"C\u00e1mara 4K educativa ROCWARE RC031"},"content":{"rendered":"<p>C\u00e1mara de caja de seguimiento autom\u00e1tico educativa 4K<\/p>\n","protected":false},"excerpt":{"rendered":"<p>C\u00e1mara de caja de seguimiento autom\u00e1tico educativa 4K<\/p>\n","protected":false},"featured_media":1520,"template":"","meta":[],"product_cat":[62,63,47,45],"product_tag":[],"class_list":{"0":"post-1425","1":"product","2":"type-product","3":"status-publish","4":"has-post-thumbnail","6":"product_cat-conferencia-2","7":"product_cat-webcam","8":"product_cat-video","9":"product_cat-rocware","11":"first","12":"instock","13":"taxable","14":"shipping-taxable","15":"purchasable","16":"product-type-simple"},"_links":{"self":[{"href":"https:\/\/webshop.tridiom.com\/pt-pt\/wp-json\/wp\/v2\/product\/1425","targetHints":{"allow":["GET"]}}],"collection":[{"href":"https:\/\/webshop.tridiom.com\/pt-pt\/wp-json\/wp\/v2\/product"}],"about":[{"href":"https:\/\/webshop.tridiom.com\/pt-pt\/wp-json\/wp\/v2\/types\/product"}],"wp:featuredmedia":[{"embeddable":true,"href":"https:\/\/webshop.tridiom.com\/pt-pt\/wp-json\/wp\/v2\/media\/1520"}],"wp:attachment":[{"href":"https:\/\/webshop.tridiom.com\/pt-pt\/wp-json\/wp\/v2\/media?parent=1425"}],"wp:term":[{"taxonomy":"product_cat","embeddable":true,"href":"https:\/\/webshop.tridiom.com\/pt-pt\/wp-json\/wp\/v2\/product_cat?post=1425"},{"taxonomy":"product_tag","embeddable":true,"href":"https:\/\/webshop.tridiom.com\/pt-pt\/wp-json\/wp\/v2\/product_tag?post=1425"}],"curies":[{"name":"wp","href":"https:\/\/api.w.org\/{rel}","templated":true}]}}