{"id":600,"date":"2024-02-28T08:19:34","date_gmt":"2024-02-28T07:19:34","guid":{"rendered":"https:\/\/webshop.tridiom.com\/politica-de-cookies\/"},"modified":"2024-02-28T10:09:17","modified_gmt":"2024-02-28T09:09:17","slug":"cookies-policy","status":"publish","type":"page","link":"https:\/\/webshop.tridiom.com\/en\/cookies-policy\/","title":{"rendered":"Cookies policy"},"content":{"rendered":"\t\t<div data-elementor-type=\"wp-page\" data-elementor-id=\"600\" class=\"elementor elementor-600 elementor-587\" data-elementor-post-type=\"page\">\n\t\t\t\t<div class=\"elementor-element elementor-element-4015b81 e-flex e-con-boxed e-con e-parent\" data-id=\"4015b81\" data-element_type=\"container\">\n\t\t\t\t\t<div class=\"e-con-inner\">\n\t\t<div class=\"elementor-element elementor-element-8af4713 e-flex e-con-boxed e-con e-child\" data-id=\"8af4713\" data-element_type=\"container\">\n\t\t\t\t\t<div class=\"e-con-inner\">\n\t\t\t\t<div class=\"elementor-element elementor-element-0b2be4a elementor-widget elementor-widget-woocommerce-breadcrumb\" data-id=\"0b2be4a\" data-element_type=\"widget\" data-widget_type=\"woocommerce-breadcrumb.default\">\n\t\t\t\t<div class=\"elementor-widget-container\">\n\t\t\t<nav class=\"woocommerce-breadcrumb\" aria-label=\"Breadcrumb\">Home<\/nav>\t\t<\/div>\n\t\t\t\t<\/div>\n\t\t\t\t<div class=\"elementor-element elementor-element-5e12e2c elementor-widget elementor-widget-text-editor\" data-id=\"5e12e2c\" data-element_type=\"widget\" data-widget_type=\"text-editor.default\">\n\t\t\t\t<div class=\"elementor-widget-container\">\n\t\t\t\t\t\t\t<div class=\"page_content_wrap\"><div class=\"content_wrap\"><div class=\"content\"><article id=\"post-1955\" class=\"post_item_single post_type_page post-1955 page type-page status-publish hentry\"><div class=\"post_content entry-content\"><div class=\"vc_row wpb_row vc_row-fluid vc_custom_1610045021014 vc_row-has-fill vc_column-gap-20\"><div class=\"wpb_column vc_column_container vc_col-sm-12 vc_col-has-fill sc_layouts_column_icons_position_left\"><div class=\"vc_column-inner vc_custom_1609334955759\"><div class=\"wpb_wrapper\"><div class=\"wpb_text_column wpb_content_element \"><div class=\"wpb_wrapper\"><p><strong>DATOS DE IDENTIFICACI\u00d3N<\/strong><\/p><p>Usted est\u00e1 visitando el sitio web bajo el dominio TRADUCCIONESTRIDIOM.COM titularidad de TRIDIOM, S.L.<\/p><ul><li>Raz\u00f3n social: TRIDIOM, S.L.<\/li><li>Domicilio social: c\/Pr\u00edncipe 12, 3\u00baC \u2013 28012 Madrid<\/li><li>NIF: ESB82388612<\/li><li>Tel\u00e9fono: (+34) 91 523 02 58<\/li><li>Correo electr\u00f3nico: info@tridiom.com<\/li><\/ul><p>En lo sucesivo se entender\u00e1 que el t\u00e9rmino TRIDIOM abarca tanto a TRIDIOM, S.L como a sus empresas filiales o subsidiarias.<\/p><p><strong>ACEPTACI\u00d3N DEL USUARIO<br \/><\/strong><br \/>Este Aviso Legal regula el acceso y utilizaci\u00f3n del sitio web bajo el dominio TRADUCCIONESTRIDIOM.COM (en adelante el \u201cSitio Web\u201d) que TRIDIOM pone a disposici\u00f3n de los usuarios de Internet. Se entiende por usuario la persona que acceda, navegue, utilice o participe en los servicios y actividades de este sitio web.<br \/>Este sitio Web cumple con lo establecido en la Ley 34\/2002, de 11 de julio, de Servicios de la Sociedad de la Informaci\u00f3n y de Comercio Electr\u00f3nico y con la legislaci\u00f3n vigente en materia de protecci\u00f3n de datos personales.<br \/>TRIDIOM podr\u00e1 alterar en cualquier momento y sin aviso previo, el dise\u00f1o, presentaci\u00f3n y\/o configuraci\u00f3n del sitio web, as\u00ed como algunos o todos los servicios, y a\u00f1adir servicios nuevos.<br \/>La utilizaci\u00f3n de este sitio web implica la plena aceptaci\u00f3n de las disposiciones incluidas en este Aviso Legal y Condiciones Generales de Uso en la versi\u00f3n publicada por TRIDIOM en el momento en que el Usuario acceda al Sitio Web.<br \/>La utilizaci\u00f3n de ciertos servicios ofrecidos a los Usuarios a trav\u00e9s del Sitio Web puede encontrarse sometida a condiciones particulares propias que, seg\u00fan los casos sustituyen, completan y\/o modifican las presentes Condiciones Generales de Uso. Por lo tanto, con anterioridad a la utilizaci\u00f3n de dichos servicios, el Usuario tambi\u00e9n ha de leer atentamente y aceptar asimismo las correspondientes condiciones particulares propias.<\/p><p><strong>CONDICIONES GENERALES DE USO<br \/><\/strong><br \/>El acceso al sitio web por parte de los usuarios tiene car\u00e1cter libre y gratuito, y queda expresamente prohibido cualquier uso diferente a la finalidad de este Sitio Web.<br \/>El usuario se compromete a hacer un uso diligente del mismo y de los servicios accesibles desde este sitio web, as\u00ed como mantener el debido respeto a los dem\u00e1s usuarios.<br \/>Entre otros, este compromiso implica que:<\/p><ul><li>El usuario se compromete a utilizar el sitio web, los contenidos y servicios con total sujeci\u00f3n a la Ley, a las buenas costumbres y las presentes condiciones de uso y, en su caso, condiciones particulares.<\/li><\/ul><p>Del mismo modo, el usuario se obliga a no utilizar el sitio web o los servicios que se presten a trav\u00e9s de \u00e9l con fines o efectos il\u00edcitos o contrarios al contenido del presente Aviso Legal, lesivos de los intereses o derechos de terceros, o que de cualquier forma pueda da\u00f1ar, inutilizar o deteriorar el sitio web o sus servicios o impedir un normal disfrute del sitio web por otros usuarios.<\/p><ul><li>El usuario se compromete expresamente a no destruir, alterar, inutilizar o, de cualquier otra forma, da\u00f1ar los datos, programas o documentos electr\u00f3nicos y dem\u00e1s que se encuentren en el sitio web.<\/li><li>El usuario se compromete a no obstaculizar el acceso a otros usuarios al servicio de acceso mediante el consumo masivo de los recursos inform\u00e1ticos a trav\u00e9s de los cuales TRIDIOM presta el servicio, as\u00ed como realizar acciones que da\u00f1en, interrumpan o generen errores en dichos sistemas o servicios.<\/li><li>El usuario se compromete a no introducir programas, virus, macros, applets, controles ActiveX o cualquier otro dispositivo l\u00f3gico o secuencia de caracteres que causen o sean susceptibles de causar cualquier tipo de alteraci\u00f3n en los sistemas inform\u00e1ticos de TRIDIOM o de terceros.<\/li><li>El usuario se compromete a no obtener informaci\u00f3n, mensajes, gr\u00e1ficos, dibujos, archivos de sonido y\/o imagen, fotograf\u00edas, grabaciones, software y en general, cualquier clase de material accesible a trav\u00e9s del sitio web o de los servicios ofrecidos en el mismo.<\/li><li>El usuario se compromete a hacer un uso adecuado de los contenidos y servicios (como por ejemplo los comentarios, foros de opini\u00f3n o p\u00e1ginas abiertas al lector) que TRIDIOM ofrece en su sitio web y a no emplearlos para incurrir en actividades il\u00edcitas o contrarias a la buena fe y al ordenamiento legal; difundir contenidos o propaganda de car\u00e1cter racista, xen\u00f3fobo, pornogr\u00e1fico, ilegal, de apolog\u00eda del terrorismo o atentatorio contra los derechos humanos.<\/li><li>De conformidad con la pol\u00edtica anti-spamming de TRIDIOM el usuario se obliga a abstenerse de utilizar y recabar datos a partir de listas de distribuci\u00f3n a las que se pueda acceder a trav\u00e9s de las informaciones y servicios contenidos en el sitio web para la realizaci\u00f3n de actividades con fines promocionales o publicitarios as\u00ed como de remitir comunicaciones comerciales de cualquier clase y a trav\u00e9s de cualquier soporte no solicitados ni previamente consentidos por TRIDIOM y\/o los interesados.<\/li><\/ul><p>El Usuario que incumpla intencional o culpablemente cualquiera de las precedentes obligaciones y compromisos deber\u00e1 responder por todos los da\u00f1os y perjuicios que cause.<\/p><p><strong>REGISTRO EN EL \u00c1REA CLIENTE Y COLABORADORES<br \/><\/strong><br \/>Con car\u00e1cter general el acceso a los servicios y contenidos del sitio web no exige la previa suscripci\u00f3n o registro de los Usuarios. No obstante, TRIDIOM puede condicionar la utilizaci\u00f3n de algunos de los servicios a la previa cumplimentaci\u00f3n del correspondiente registro de usuario, seleccionando el identificador (ID o login) y la contrase\u00f1a que el usuario se compromete a conservar y a usar con la diligencia debida.<br \/>Por otro lado, desde la zona de clientes de este sitio web se puede acceder a diversos servicios que requieren el uso de credenciales de acceso que habr\u00e1n sido proporcionadas previamente por TRIDIOM.<\/p><ul><li>Si para la utilizaci\u00f3n de un servicio en el sitio web, el usuario debiera proceder a su registro, \u00e9ste ser\u00e1 responsable de aportar informaci\u00f3n veraz y l\u00edcita.<\/li><\/ul><p>A estos efectos, el usuario garantiza la autenticidad de todos aquellos datos que comunique como consecuencia de la cumplimentaci\u00f3n de los formularios necesarios para la suscripci\u00f3n de los servicios.<br \/>De igual forma, ser\u00e1 responsabilidad del usuario mantener toda la informaci\u00f3n facilitada a TRIDIOM permanentemente actualizada de forma que responda, en cada momento a la situaci\u00f3n real del Usuario. En todo caso el usuario ser\u00e1 el \u00fanico responsable de las manifestaciones falsas o inexactas que realice y de los perjuicios que cause a TRIDIOM o a terceros por la informaci\u00f3n que facilite.<\/p><ul><li>Si como consecuencia del registro, se dotar\u00e1 al usuario de una contrase\u00f1a, \u00e9ste se compromete a hacer un uso diligente y a mantener en secreto la contrase\u00f1a para acceder a estos servicios. Los usuarios son responsables de la adecuada custodia y confidencialidad de cualesquiera identificadores y\/o contrase\u00f1as que le sean suministradas por TRIDIOM y se comprometen a no ceder su uso a terceros, ya sea temporal o permanentemente, ni a permitir su acceso a personas ajenas. Ser\u00e1 responsabilidad del usuario la utilizaci\u00f3n ileg\u00edtima de los servicios por parte de un tercero que emplee a tal efecto una contrase\u00f1a obtenida a causa de una utilizaci\u00f3n no diligente o de la p\u00e9rdida de esta por parte del usuario.<\/li><li>El usuario est\u00e1 obligado a notificar de forma inmediata a TRIDIOM cualquier hecho que permita el uso indebido de los identificadores y\/o contrase\u00f1as, tales como el robo, extrav\u00edo, o el acceso no autorizado a los mismos, con el fin de proceder a su inmediata cancelaci\u00f3n. Mientras no se comuniquen tales hechos, TRIDIOM quedar\u00e1 eximida de cualquier responsabilidad que pudiera derivarse del uso indebido de los identificadores y\/o contrase\u00f1as por terceros no autorizados.<\/li><li>Algunos de los servicios y contenidos ofrecidos por TRIDIOM pueden encontrarse sujetos a contrataci\u00f3n previa del servicio y al pago de una cantidad de dinero en la forma que se determine en las Condiciones Generales de Contrataci\u00f3n, en cuyo caso se pondr\u00e1n a su disposici\u00f3n de forma clara.<\/li><li>Cuando sea necesario que el usuario se registre o aporte datos personales para poder acceder a alguno de los servicios, la recogida y el tratamiento de los datos personales de los usuarios ser\u00e1 de aplicaci\u00f3n lo dispuesto en el apartado de PROTECCI\u00d3N DE DATOS PERSONALES de este Aviso Legal, as\u00ed como lo dispuesto en las Condiciones de Registro si las hubiese.<\/li><li>Queda prohibida la contrataci\u00f3n de productos o servicios a trav\u00e9s de este sitio web por parte de menores de edad, debiendo obtener debidamente y con anterioridad, el consentimiento de sus padres, tutores o representantes legales, los cuales ser\u00e1n considerados como responsables de los actos que lleven a cabo los menores a su cargo.<\/li><\/ul><p><strong>LIMITACI\u00d3N DE GARANT\u00cdAS Y RESPONSABILIDADES<br \/><\/strong><br \/>TRIDIOM se compromete a realizar sus mejores esfuerzos para evitar cualquier error en los contenidos que pudieran aparecer en el sitio web. En cualquier caso, TRIDIOM estar\u00e1 exenta de cualquier responsabilidad por los da\u00f1os y perjuicios de toda naturaleza que puedan deberse a la falta de exactitud, exhaustividad, actualidad, as\u00ed como a errores u omisiones de los que pudieran adolecer las informaciones y servicios contenidos de este Sitio Web u otros contenidos a los que se pueda acceder a trav\u00e9s del mismo ni asume ning\u00fan deber o compromiso de verificar ni de vigilar sus contenidos e informaciones.<br \/>Asimismo, TRIDIOM no garantiza la disponibilidad, continuidad ni la infalibilidad del funcionamiento del Sitio Web, y en consecuencia excluye, en la m\u00e1xima medida permitida por la legislaci\u00f3n vigente, cualquier responsabilidad por los da\u00f1os y perjuicios de toda naturaleza que puedan deberse a la falta de disponibilidad o de continuidad del funcionamiento del Sitio Web y de los servicios habilitados en el mismo, as\u00ed como a los errores en el acceso a las distintas p\u00e1ginas web o a aquellas desde las que, en su caso, se presten dichos servicios.<br \/>TRIDIOM tampoco garantiza que el sitio web y el servidor est\u00e9n libres de virus y no se hace responsable de los posibles da\u00f1os o perjuicios que se puedan derivar de interferencias, omisiones, interrupciones, virus inform\u00e1ticos, aver\u00edas telef\u00f3nicas o desconexiones en el funcionamiento operativo de este sistema electr\u00f3nico, motivado por causas ajenas a TRIDIOM, de retrasos o bloqueos en el uso de este sistema electr\u00f3nico causados por deficiencias de l\u00edneas telef\u00f3nicas o sobrecargas en el sistema de Internet o en otros sistemas electr\u00f3nicos, as\u00ed como tambi\u00e9n de da\u00f1os que puedan ser causados por terceras personas mediante intromisiones ileg\u00edtimas fuera del control de TRIDIOM.<br \/>TRIDIOM excluye cualquier responsabilidad por los da\u00f1os y perjuicios de toda \u00edndole que pudieran deberse a los servicios prestados por terceros a trav\u00e9s de este Sitio Web as\u00ed como a los medios que \u00e9stos habilitan para gestionar las solicitudes de servicio, y concretamente, a modo enunciativo y no limitativo: por los actos de competencia desleal y publicidad il\u00edcita como consecuencia de la prestaci\u00f3n de servicios por terceros a trav\u00e9s del Sitio Web, as\u00ed como a la falta de veracidad, exactitud, exhaustividad, vicios, defectos, pertinencia y\/o actualidad de los contenidos transmitidos, difundidos, almacenados, recibidos, obtenidos, puestos a disposici\u00f3n o accesibles mediante los servicios prestados por terceros a trav\u00e9s de este Sitio Web.<\/p><p><strong>PROPIEDAD INTELECTUAL E INDUSTRIAL<\/strong><\/p><p>Todos los derechos de Propiedad Industrial e Intelectual de este sitio web y de sus contenidos (textos, im\u00e1genes, sonidos, audio, v\u00eddeo, dise\u00f1os, creatividades, software) pertenecen, como autor de obra colectiva o como cesionaria, a TRIDIOM o, en su caso, a terceras personas.<br \/>Quedan expresamente prohibidas la reproducci\u00f3n, la distribuci\u00f3n y la comunicaci\u00f3n p\u00fablica, incluida su modalidad de puesta a disposici\u00f3n, de la totalidad o parte de los contenidos de esta p\u00e1gina Web, con cualquier fin, en cualquier soporte y por cualquier medio t\u00e9cnico, sin la autorizaci\u00f3n de TRIDIOM.<br \/>El usuario se compromete a respetar los derechos de Propiedad Industrial e Intelectual titularidad de TRIDIOM y de terceros.<br \/>El usuario puede visualizar todos los elementos, imprimirlos, copiarlos y almacenarlos en el disco duro de su ordenador o en cualquier otro soporte f\u00edsico siempre y cuando sea, \u00fanica y exclusivamente, para su uso personal y privado, quedando, por tanto, terminantemente prohibida su utilizaci\u00f3n con otros fines, su distribuci\u00f3n, as\u00ed como su modificaci\u00f3n, alteraci\u00f3n o descompilaci\u00f3n.<br \/>TRIDIOM proporciona el acceso a todo tipo de informaciones, servicios, programas o datos en Internet que pueden pertenecer a terceras personas, en cuyo caso ser\u00e1n de aplicaci\u00f3n los derechos de propiedad intelectual estipulados por sus propietarios.<\/p><p><strong>ENLACES DE TERCEROS<br \/><\/strong><br \/>En el supuesto de que en el sitio web se dispusieran enlaces o hiperv\u00ednculos hacia otros lugares de Internet, TRIDIOM no ejercer\u00e1 ning\u00fan tipo de control sobre estos lugares y contenidos.<br \/>En ning\u00fan caso TRIDIOM asumir\u00e1 responsabilidad alguna por los contenidos de alg\u00fan enlace perteneciente a un lugar Web ajeno, ni garantizar\u00e1 la disponibilidad t\u00e9cnica, calidad, fiabilidad, exactitud, amplitud, veracidad ni validez de cualquier material o informaci\u00f3n contenida en ninguno de los hiperv\u00ednculos u otros lugares de Internet.<br \/>Estos enlaces se proporcionan \u00fanicamente para informar al Usuario sobre la existencia de otras fuentes de informaci\u00f3n sobre un tema concreto, y la inclusi\u00f3n de un enlace no implica la aprobaci\u00f3n de la p\u00e1gina web enlazada por parte de TRIDIOM.<br \/>TRIDIOM tan s\u00f3lo autoriza menciones a sus contenidos en otras sedes Web, con el tratamiento que \u00e9stas consideren siempre que sea respetuoso, cumpla la legislaci\u00f3n vigente y en ning\u00fan caso reproduzcan, sin la debida autorizaci\u00f3n, los contenidos de TRIDIOM.<\/p><p><strong>PROTECCI\u00d3N DE DATOS PERSONALES<br \/><\/strong><br \/>TRIDIOM adopta las medidas t\u00e9cnicas y organizativas necesarias para garantizar la protecci\u00f3n de los datos de car\u00e1cter personal y evitar su alteraci\u00f3n, p\u00e9rdida, tratamiento y\/o acceso no autorizado, habida cuenta del estado de la tecnolog\u00eda, la naturaleza de los datos almacenados y los riesgos a que est\u00e1n expuestos. Todo ello, conforme a lo establecido por la legislaci\u00f3n vigente en materia de Protecci\u00f3n de Datos de Car\u00e1cter Personal.<br \/>El usuario podr\u00e1 proporcionar a TRIDIOM sus datos de car\u00e1cter personal a trav\u00e9s de los distintos formularios que a tal efecto aparecen en el sitio web. Dichos formularios incorporan un enlace a la\u00a0Pol\u00edtica de Privacidad.<br \/>Del mismo modo, TRIDIOM podr\u00e1 obtener datos de car\u00e1cter personal originados por su navegaci\u00f3n y\/o uso de este sitio web, de acuerdo con nuestra Pol\u00edtica de Privacidad.<br \/>Rogamos lea atentamente nuestra\u00a0<a href=\"https:\/\/www.traduccionestridiom.com\/politica-de-privacidad\/\" data-schema-attribute=\"\">Pol\u00edtica de Privacidad<\/a>\u00a0antes de facilitar sus datos de car\u00e1cter personal.<\/p><p><strong>USO DE COOKIES<br \/><\/strong><br \/>Este sitio web, al igual que la mayor\u00eda de los sitios web en Internet, usa cookies para mejorar la experiencia del usuario. En nuestra\u00a0Pol\u00edtica de Cookies\u00a0encontrar\u00e1 informaci\u00f3n sobre qu\u00e9 son las cookies, qu\u00e9 tipo de cookies utiliza este portal, c\u00f3mo puede desactivar las cookies en su navegador y c\u00f3mo desactivar espec\u00edficamente la instalaci\u00f3n de cookies de terceros.<br \/>Rogamos lea atentamente nuestra\u00a0<a href=\"https:\/\/www.traduccionestridiom.com\/politica-de-cookies\/\" data-schema-attribute=\"\">Pol\u00edtica de Cookies<\/a>\u00a0antes de continuar navegando en nuestro sitio web.<\/p><p><strong>MODIFICACI\u00d3N DE LAS CONDICIONES DEL AVISO LEGAL<br \/><\/strong><br \/>TRIDIOM se reserva expresamente el derecho a modificar el presente Aviso Legal sin notificaci\u00f3n previa. En consecuencia, el Usuario debe leer atentamente el presente Aviso Legal en cada una de las ocasiones en que se proceda a utilizar el sitio web, ya que este Aviso Legal puede sufrir modificaciones.<br \/>El usuario reconoce y acepta que es su responsabilidad revisar el sitio web y el presente Aviso Legal.<\/p><p><strong>LEY Y JURISDICCI\u00d3N<br \/><\/strong><br \/>Todas las cuestiones que se susciten entre TRIDIOM y el usuario relativas a la interpretaci\u00f3n, cumplimiento y validez del presente Aviso Legal se regir\u00e1n por sus propias cl\u00e1usulas y, en lo que en ellas no estuviere previsto, de acuerdo con la legislaci\u00f3n espa\u00f1ola, someti\u00e9ndose expresamente las partes a la jurisdicci\u00f3n de los Juzgados y Tribunales de Madrid (Espa\u00f1a).<\/p><\/div><\/div><\/div><\/div><\/div><\/div><div class=\"vc_row wpb_row vc_row-fluid vc_custom_1508317949755 vc_row-has-fill\"><div class=\"wpb_column vc_column_container vc_col-sm-12 sc_layouts_column_icons_position_left\"><div class=\"vc_column-inner\"><div class=\"wpb_wrapper\"><div class=\"vc_empty_space  hide_on_mobile\">\u00a0<\/div><div class=\"vc_empty_space  hide_on_tablet hide_on_mobile\">\u00a0<\/div><\/div><\/div><\/div><\/div><\/div><\/article><\/div><\/div><\/div><footer class=\"footer_wrap footer_custom footer_custom_1997 footer_custom_footer-tridiom scheme_darksome\"><div class=\"vc_row wpb_row vc_row-fluid vc_custom_1612455322488 vc_row-has-fill sc_bg_mask_3 scheme_dark\" data-vc-full-width=\"true\" data-vc-full-width-init=\"true\"><div class=\"wpb_column vc_column_container vc_col-sm-10 vc_col-md-offset-2 vc_col-md-8 vc_col-sm-offset-1 vc_col-xs-12 sc_layouts_column_icons_position_left\"><div class=\"vc_column-inner\"><div class=\"wpb_wrapper\"><div class=\"sc_layouts_item\"><div id=\"sc_title_602961425\" class=\"sc_title color_style_default sc_title_default  vc_custom_1618260638623\">\u00a0<\/div><\/div><\/div><\/div><\/div><\/div><\/footer>\t\t\t\t\t\t<\/div>\n\t\t\t\t<\/div>\n\t\t\t\t\t<\/div>\n\t\t\t\t<\/div>\n\t\t\t\t\t<\/div>\n\t\t\t\t<\/div>\n\t\t\t\t<\/div>\n\t\t","protected":false},"excerpt":{"rendered":"<p>DATOS DE IDENTIFICACI\u00d3N Usted est\u00e1 visitando el sitio web bajo el dominio TRADUCCIONESTRIDIOM.COM titularidad de TRIDIOM, S.L. Raz\u00f3n social: TRIDIOM, S.L. Domicilio social: c\/Pr\u00edncipe 12, 3\u00baC \u2013 28012 Madrid NIF: ESB82388612 Tel\u00e9fono: (+34) 91 523 02 58 Correo electr\u00f3nico: info@tridiom.com En lo sucesivo se entender\u00e1 que el t\u00e9rmino TRIDIOM abarca tanto a TRIDIOM, S.L como [&hellip;]<\/p>\n","protected":false},"author":1,"featured_media":0,"parent":0,"menu_order":0,"comment_status":"closed","ping_status":"open","template":"","meta":{"footnotes":""},"class_list":["post-600","page","type-page","status-publish","hentry"],"_links":{"self":[{"href":"https:\/\/webshop.tridiom.com\/en\/wp-json\/wp\/v2\/pages\/600","targetHints":{"allow":["GET"]}}],"collection":[{"href":"https:\/\/webshop.tridiom.com\/en\/wp-json\/wp\/v2\/pages"}],"about":[{"href":"https:\/\/webshop.tridiom.com\/en\/wp-json\/wp\/v2\/types\/page"}],"author":[{"embeddable":true,"href":"https:\/\/webshop.tridiom.com\/en\/wp-json\/wp\/v2\/users\/1"}],"replies":[{"embeddable":true,"href":"https:\/\/webshop.tridiom.com\/en\/wp-json\/wp\/v2\/comments?post=600"}],"version-history":[{"count":4,"href":"https:\/\/webshop.tridiom.com\/en\/wp-json\/wp\/v2\/pages\/600\/revisions"}],"predecessor-version":[{"id":719,"href":"https:\/\/webshop.tridiom.com\/en\/wp-json\/wp\/v2\/pages\/600\/revisions\/719"}],"wp:attachment":[{"href":"https:\/\/webshop.tridiom.com\/en\/wp-json\/wp\/v2\/media?parent=600"}],"curies":[{"name":"wp","href":"https:\/\/api.w.org\/{rel}","templated":true}]}}